{"id":27903,"date":"2021-10-12T15:51:09","date_gmt":"2021-10-12T15:51:09","guid":{"rendered":"https:\/\/www.artisanat-chakroun.com\/a-propos\/"},"modified":"2024-11-25T14:04:38","modified_gmt":"2024-11-25T13:04:38","slug":"about","status":"publish","type":"page","link":"https:\/\/www.artisanat-chakroun.com\/en\/about\/","title":{"rendered":"About"},"content":{"rendered":"\t\t<div data-elementor-type=\"wp-page\" data-elementor-id=\"27903\" class=\"elementor elementor-27903\">\n\t\t\t\t\t\t<section class=\"wd-negative-gap elementor-section elementor-top-section elementor-element elementor-element-54089b62 wd-section-stretch-content elementor-section-content-middle elementor-hidden-tablet elementor-hidden-mobile elementor-section-boxed elementor-section-height-default elementor-section-height-default\" data-id=\"54089b62\" data-element_type=\"section\" data-settings=\"{&quot;background_background&quot;:&quot;classic&quot;}\">\n\t\t\t\t\t\t<div class=\"elementor-container elementor-column-gap-default\">\n\t\t\t\t\t<div class=\"elementor-column elementor-col-50 elementor-top-column elementor-element elementor-element-2e5abecc\" data-id=\"2e5abecc\" data-element_type=\"column\">\n\t\t\t<div class=\"elementor-widget-wrap elementor-element-populated\">\n\t\t\t\t\t\t<div class=\"elementor-element elementor-element-11fbf772 elementor-widget elementor-widget-wd_image_or_svg\" data-id=\"11fbf772\" data-element_type=\"widget\" data-widget_type=\"wd_image_or_svg.default\">\n\t\t\t\t<div class=\"elementor-widget-container\">\n\t\t\t\n\t\t<div class=\"wd-image text-left\">\n\t\t\t\t\t\t\t\t<img fetchpriority=\"high\" decoding=\"async\" width=\"899\" height=\"1020\" src=\"https:\/\/www.artisanat-chakroun.com\/wp-content\/uploads\/2024\/08\/peper1.png\" class=\"attachment-full size-full\" alt=\"\" srcset=\"https:\/\/www.artisanat-chakroun.com\/wp-content\/uploads\/2024\/08\/peper1.png 899w, https:\/\/www.artisanat-chakroun.com\/wp-content\/uploads\/2024\/08\/peper1-264x300.png 264w, https:\/\/www.artisanat-chakroun.com\/wp-content\/uploads\/2024\/08\/peper1-705x800.png 705w, https:\/\/www.artisanat-chakroun.com\/wp-content\/uploads\/2024\/08\/peper1-768x871.png 768w, https:\/\/www.artisanat-chakroun.com\/wp-content\/uploads\/2024\/08\/peper1-430x488.png 430w, https:\/\/www.artisanat-chakroun.com\/wp-content\/uploads\/2024\/08\/peper1-700x794.png 700w, https:\/\/www.artisanat-chakroun.com\/wp-content\/uploads\/2024\/08\/peper1-150x170.png 150w\" sizes=\"(max-width: 899px) 100vw, 899px\" \/>\t\t\t\t\t<\/div>\n\n\t\t\t\t<\/div>\n\t\t\t\t<\/div>\n\t\t\t\t\t<\/div>\n\t\t<\/div>\n\t\t\t\t<div class=\"elementor-column elementor-col-50 elementor-top-column elementor-element elementor-element-19dd33d0\" data-id=\"19dd33d0\" data-element_type=\"column\" data-settings=\"{&quot;background_background&quot;:&quot;classic&quot;}\">\n\t\t\t<div class=\"elementor-widget-wrap elementor-element-populated\">\n\t\t\t\t\t\t<div class=\"elementor-element elementor-element-896b9b1 wd-width-100 elementor-widget elementor-widget-wd_title\" data-id=\"896b9b1\" data-element_type=\"widget\" data-widget_type=\"wd_title.default\">\n\t\t\t\t<div class=\"elementor-widget-container\">\n\t\t\t\t\t<div class=\"title-wrapper set-mb-s reset-last-child wd-title-color-default wd-title-style-default wd-title-size-default text-left\">\n\n\t\t\t\n\t\t\t<div class=\"liner-continer\">\n\t\t\t\t<h4 class=\"woodmart-title-container title wd-fontsize-l\">About ETS ARTISANAT CHAKROUN<\/h4> \n\t\t\t\t\t\t\t<\/div>\n\n\t\t\t\t\t<\/div>\n\t\t\t\t<\/div>\n\t\t\t\t<\/div>\n\t\t\t\t<div class=\"elementor-element elementor-element-46bbea65 elementor-widget elementor-widget-wd_text_block\" data-id=\"46bbea65\" data-element_type=\"widget\" data-widget_type=\"wd_text_block.default\">\n\t\t\t\t<div class=\"elementor-widget-container\">\n\t\t\t\t\t<div class=\"wd-text-block reset-last-child text-left\">\n\t\t\t\n\t\t\t<div class=\"c-scrollbar__hider\" role=\"presentation\" data-qa=\"slack_kit_scrollbar\">\n<div class=\"c-scrollbar__child\" role=\"presentation\">\n<div class=\"c-virtual_list__scroll_container\" tabindex=\"-1\" role=\"list\" data-qa=\"slack_kit_list\" aria-label=\"Fadoua Adib (message direct, absent)\">\n<div id=\"1723201114.511729\" class=\"c-virtual_list__item\" tabindex=\"0\" role=\"listitem\" aria-setsize=\"-1\" data-qa=\"virtual-list-item\" data-item-key=\"1723201114.511729\">\n<div class=\"c-message_kit__background c-message_kit__background--hovered p-message_pane_message__message c-message_kit__message p-message_pane_message__message--last\" role=\"presentation\" data-qa=\"message_container\" data-qa-unprocessed=\"false\" data-qa-placeholder=\"false\">\n<div class=\"c-message_kit__hover c-message_kit__hover--hovered\" role=\"document\" aria-roledescription=\"message\" data-qa-hover=\"true\">\n<div class=\"c-message_kit__actions c-message_kit__actions--default\">\n<div class=\"c-message_kit__gutter\">\n<div class=\"c-message_kit__gutter__right\" role=\"presentation\" data-qa=\"message_content\">\n<div class=\"c-message_kit__blocks c-message_kit__blocks--rich_text\">\n<div class=\"c-message__message_blocks c-message__message_blocks--rich_text\" data-qa=\"message-text\">\n<div class=\"p-block_kit_renderer\" data-qa=\"block-kit-renderer\">\n<div class=\"p-block_kit_renderer__block_wrapper p-block_kit_renderer__block_wrapper--first\">\n<div class=\"p-rich_text_block\" dir=\"auto\">\n<div class=\"p-rich_text_section\">\n\nETS ARTISANAT CHAKROUN is a family-owned company passionate about woodworking, specializing in high-quality olive wood creations. Founded on values of authenticity and artisanal craftsmanship, our mission is to transform this noble wood into unique pieces that blend tradition with innovation. Each creation, whether furniture, kitchen utensils, or decorative items, is meticulously crafted to reflect the natural beauty of olive wood and meet our clients' demands for durability and design. At ETS ARTISANAT CHAKROUN, we prioritize sustainable practices, using naturally fallen or recycled olive wood, in respect of both our environment and heritage.<\/div>\n<\/div>\n<\/div>\n<\/div>\n<\/div>\n<\/div>\n<\/div>\n<\/div>\n<\/div>\n<\/div>\n<\/div>\n<\/div>\n<\/div>\n<\/div>\n<\/div>\n\t\t\t\t\t<\/div>\n\t\t\t\t<\/div>\n\t\t\t\t<\/div>\n\t\t\t\t<div class=\"elementor-element elementor-element-53e8f94a elementor-widget__width-auto elementor-widget elementor-widget-wd_button\" data-id=\"53e8f94a\" data-element_type=\"widget\" data-widget_type=\"wd_button.default\">\n\t\t\t\t<div class=\"elementor-widget-container\">\n\t\t\t\t\t<div class=\"wd-button-wrapper text-left\" >\n\t\t\t<a class=\"btn btn-style-default btn-style-rectangle btn-size-default btn-color-primary btn-icon-pos-right\"  href=\"https:\/\/www.artisanat-chakroun.com\/nos-produits\/\">\n\t\t\t\t<span class=\"wd-btn-text\" data-elementor-setting-key=\"text\">\n\t\t\t\t\t Our Products\t\t\t\t<\/span>\n\n\t\t\t\t\t\t\t<\/a>\n\t\t<\/div>\n\t\t\t\t<\/div>\n\t\t\t\t<\/div>\n\t\t\t\t\t<\/div>\n\t\t<\/div>\n\t\t\t\t\t<\/div>\n\t\t<\/section>\n\t\t\t\t<section class=\"wd-negative-gap elementor-section elementor-top-section elementor-element elementor-element-e5031b6 wd-section-stretch-content elementor-section-content-middle elementor-hidden-desktop elementor-section-boxed elementor-section-height-default elementor-section-height-default\" data-id=\"e5031b6\" data-element_type=\"section\" data-settings=\"{&quot;background_background&quot;:&quot;gradient&quot;}\">\n\t\t\t\t\t\t<div class=\"elementor-container elementor-column-gap-default\">\n\t\t\t\t\t<div class=\"elementor-column elementor-col-50 elementor-top-column elementor-element elementor-element-76534c2\" data-id=\"76534c2\" data-element_type=\"column\" data-settings=\"{&quot;background_background&quot;:&quot;classic&quot;}\">\n\t\t\t<div class=\"elementor-widget-wrap elementor-element-populated\">\n\t\t\t\t\t\t<div class=\"elementor-element elementor-element-979d801 wd-width-100 elementor-widget elementor-widget-wd_title\" data-id=\"979d801\" data-element_type=\"widget\" data-widget_type=\"wd_title.default\">\n\t\t\t\t<div class=\"elementor-widget-container\">\n\t\t\t\t\t<div class=\"title-wrapper set-mb-s reset-last-child wd-title-color-default wd-title-style-default wd-title-size-default text-left\">\n\n\t\t\t\n\t\t\t<div class=\"liner-continer\">\n\t\t\t\t<h4 class=\"woodmart-title-container title wd-fontsize-l\">\u00c0 propos d'ETS ARTISANAT CHAKROUN <\/h4> \n\t\t\t\t\t\t\t<\/div>\n\n\t\t\t\t\t<\/div>\n\t\t\t\t<\/div>\n\t\t\t\t<\/div>\n\t\t\t\t<div class=\"elementor-element elementor-element-cfd3985 elementor-widget elementor-widget-wd_text_block\" data-id=\"cfd3985\" data-element_type=\"widget\" data-widget_type=\"wd_text_block.default\">\n\t\t\t\t<div class=\"elementor-widget-container\">\n\t\t\t\t\t<div class=\"wd-text-block reset-last-child text-left\">\n\t\t\t\n\t\t\t<div class=\"c-scrollbar__hider\" role=\"presentation\" data-qa=\"slack_kit_scrollbar\"><div class=\"c-scrollbar__child\" role=\"presentation\"><div class=\"c-virtual_list__scroll_container\" tabindex=\"-1\" role=\"list\" data-qa=\"slack_kit_list\" aria-label=\"Fadoua Adib (message direct, absent)\"><div id=\"1723201114.511729\" class=\"c-virtual_list__item\" tabindex=\"0\" role=\"listitem\" aria-setsize=\"-1\" data-qa=\"virtual-list-item\" data-item-key=\"1723201114.511729\"><div class=\"c-message_kit__background c-message_kit__background--hovered p-message_pane_message__message c-message_kit__message p-message_pane_message__message--last\" role=\"presentation\" data-qa=\"message_container\" data-qa-unprocessed=\"false\" data-qa-placeholder=\"false\"><div class=\"c-message_kit__hover c-message_kit__hover--hovered\" role=\"document\" aria-roledescription=\"message\" data-qa-hover=\"true\"><div class=\"c-message_kit__actions c-message_kit__actions--default\"><div class=\"c-message_kit__gutter\"><div class=\"c-message_kit__gutter__right\" role=\"presentation\" data-qa=\"message_content\"><div class=\"c-message_kit__blocks c-message_kit__blocks--rich_text\"><div class=\"c-message__message_blocks c-message__message_blocks--rich_text\" data-qa=\"message-text\"><div class=\"p-block_kit_renderer\" data-qa=\"block-kit-renderer\"><div class=\"p-block_kit_renderer__block_wrapper p-block_kit_renderer__block_wrapper--first\"><div class=\"p-rich_text_block\" dir=\"auto\"><div class=\"p-rich_text_section\">ETS ARTISANAT CHAKROUN est une entreprise familiale passionn\u00e9e par le travail du bois, sp\u00e9cialis\u00e9e dans la cr\u00e9ation d'objets en bois d'olivier de haute qualit\u00e9. Fond\u00e9e sur des valeurs d'authenticit\u00e9 et de savoir-faire artisanal, notre mission est de transformer ce bois noble en pi\u00e8ces uniques, alliant tradition et innovation. Chaque cr\u00e9ation, qu'il s'agisse de meubles, d'ustensiles de cuisine ou d'articles d\u00e9coratifs, est fa\u00e7onn\u00e9e avec soin pour refl\u00e9ter la beaut\u00e9 naturelle du bois d'olivier et pour r\u00e9pondre aux exigences de nos clients en mati\u00e8re de durabilit\u00e9 et de design. Chez ETS ARTISANAT CHAKROUN, nous valorisons les pratiques durables, en utilisant du bois d\u2019olivier naturellement tomb\u00e9 ou recycl\u00e9, dans le respect de notre environnement et de notre h\u00e9ritage.<\/div><\/div><\/div><\/div><\/div><\/div><\/div><\/div><\/div><\/div><\/div><\/div><\/div><\/div><\/div>\n\t\t\t\t\t<\/div>\n\t\t\t\t<\/div>\n\t\t\t\t<\/div>\n\t\t\t\t<div class=\"elementor-element elementor-element-c957532 elementor-widget__width-auto e-transform elementor-widget elementor-widget-wd_button\" data-id=\"c957532\" data-element_type=\"widget\" data-settings=\"{&quot;_transform_translateY_effect_mobile&quot;:{&quot;unit&quot;:&quot;px&quot;,&quot;size&quot;:97,&quot;sizes&quot;:[]},&quot;_transform_translateX_effect&quot;:{&quot;unit&quot;:&quot;px&quot;,&quot;size&quot;:&quot;&quot;,&quot;sizes&quot;:[]},&quot;_transform_translateX_effect_tablet&quot;:{&quot;unit&quot;:&quot;px&quot;,&quot;size&quot;:&quot;&quot;,&quot;sizes&quot;:[]},&quot;_transform_translateX_effect_mobile&quot;:{&quot;unit&quot;:&quot;px&quot;,&quot;size&quot;:&quot;&quot;,&quot;sizes&quot;:[]},&quot;_transform_translateY_effect&quot;:{&quot;unit&quot;:&quot;px&quot;,&quot;size&quot;:&quot;&quot;,&quot;sizes&quot;:[]},&quot;_transform_translateY_effect_tablet&quot;:{&quot;unit&quot;:&quot;px&quot;,&quot;size&quot;:&quot;&quot;,&quot;sizes&quot;:[]}}\" data-widget_type=\"wd_button.default\">\n\t\t\t\t<div class=\"elementor-widget-container\">\n\t\t\t\t\t<div class=\"wd-button-wrapper text-left\" >\n\t\t\t<a class=\"btn btn-style-default btn-style-rectangle btn-size-default btn-color-primary btn-icon-pos-right\"  href=\"https:\/\/www.artisanat-chakroun.com\/nos-produits\/\">\n\t\t\t\t<span class=\"wd-btn-text\" data-elementor-setting-key=\"text\">\n\t\t\t\t\tNos Produits\t\t\t\t<\/span>\n\n\t\t\t\t\t\t\t<\/a>\n\t\t<\/div>\n\t\t\t\t<\/div>\n\t\t\t\t<\/div>\n\t\t\t\t\t<\/div>\n\t\t<\/div>\n\t\t\t\t<div class=\"elementor-column elementor-col-50 elementor-top-column elementor-element elementor-element-8806d4d\" data-id=\"8806d4d\" data-element_type=\"column\">\n\t\t\t<div class=\"elementor-widget-wrap elementor-element-populated\">\n\t\t\t\t\t\t<div class=\"elementor-element elementor-element-ead7a50 elementor-widget elementor-widget-wd_image_or_svg\" data-id=\"ead7a50\" data-element_type=\"widget\" data-widget_type=\"wd_image_or_svg.default\">\n\t\t\t\t<div class=\"elementor-widget-container\">\n\t\t\t\n\t\t<div class=\"wd-image text-left\">\n\t\t\t\t\t\t\t\t<img decoding=\"async\" width=\"899\" height=\"1020\" src=\"https:\/\/www.artisanat-chakroun.com\/wp-content\/uploads\/2024\/08\/moulin-apropo-2.png\" class=\"attachment-full size-full\" alt=\"\" srcset=\"https:\/\/www.artisanat-chakroun.com\/wp-content\/uploads\/2024\/08\/moulin-apropo-2.png 899w, https:\/\/www.artisanat-chakroun.com\/wp-content\/uploads\/2024\/08\/moulin-apropo-2-264x300.png 264w, https:\/\/www.artisanat-chakroun.com\/wp-content\/uploads\/2024\/08\/moulin-apropo-2-705x800.png 705w, https:\/\/www.artisanat-chakroun.com\/wp-content\/uploads\/2024\/08\/moulin-apropo-2-768x871.png 768w, https:\/\/www.artisanat-chakroun.com\/wp-content\/uploads\/2024\/08\/moulin-apropo-2-430x488.png 430w, https:\/\/www.artisanat-chakroun.com\/wp-content\/uploads\/2024\/08\/moulin-apropo-2-700x794.png 700w, https:\/\/www.artisanat-chakroun.com\/wp-content\/uploads\/2024\/08\/moulin-apropo-2-150x170.png 150w\" sizes=\"(max-width: 899px) 100vw, 899px\" \/>\t\t\t\t\t<\/div>\n\n\t\t\t\t<\/div>\n\t\t\t\t<\/div>\n\t\t\t\t\t<\/div>\n\t\t<\/div>\n\t\t\t\t\t<\/div>\n\t\t<\/section>\n\t\t\t\t<\/div>\n\t\t","protected":false},"excerpt":{"rendered":"<p>About ETS ARTISANAT CHAKROUN ETS ARTISANAT CHAKROUN is a family-owned company passionate about woodworking, specializing in high-quality olive wood creations.<\/p>\n","protected":false},"author":1,"featured_media":0,"parent":0,"menu_order":0,"comment_status":"closed","ping_status":"closed","template":"","meta":{"footnotes":""},"class_list":["post-27903","page","type-page","status-publish","hentry"],"yoast_head":"<!-- This site is optimized with the Yoast SEO plugin v23.3 - https:\/\/yoast.com\/wordpress\/plugins\/seo\/ -->\n<title>Olive wood products Tunisia | Table art<\/title>\n<meta name=\"description\" content=\"Discover the elegance of Tunisian olive wood products for your table art. Enhance your meals now with our spice mills!\" \/>\n<meta name=\"robots\" content=\"index, follow, max-snippet:-1, max-image-preview:large, max-video-preview:-1\" \/>\n<link rel=\"canonical\" href=\"https:\/\/www.artisanat-chakroun.com\/en\/about\/\" \/>\n<meta property=\"og:locale\" content=\"en_US\" \/>\n<meta property=\"og:type\" content=\"article\" \/>\n<meta property=\"og:title\" content=\"Olive wood products Tunisia | Table art\" \/>\n<meta property=\"og:description\" content=\"Discover the elegance of Tunisian olive wood products for your table art. Enhance your meals now with our spice mills!\" \/>\n<meta property=\"og:url\" content=\"https:\/\/www.artisanat-chakroun.com\/en\/about\/\" \/>\n<meta property=\"og:site_name\" content=\"Moulin \u00e0 poivre\" \/>\n<meta property=\"article:modified_time\" content=\"2024-11-25T13:04:38+00:00\" \/>\n<meta property=\"og:image\" content=\"https:\/\/www.artisanat-chakroun.com\/wp-content\/uploads\/2024\/08\/peper1.png\" \/>\n<meta name=\"twitter:card\" content=\"summary_large_image\" \/>\n<meta name=\"twitter:label1\" content=\"Est. reading time\" \/>\n\t<meta name=\"twitter:data1\" content=\"2 minutes\" \/>\n<script type=\"application\/ld+json\" class=\"yoast-schema-graph\">{\"@context\":\"https:\/\/schema.org\",\"@graph\":[{\"@type\":\"WebPage\",\"@id\":\"https:\/\/www.artisanat-chakroun.com\/en\/about\/\",\"url\":\"https:\/\/www.artisanat-chakroun.com\/en\/about\/\",\"name\":\"Olive wood products Tunisia | Table art\",\"isPartOf\":{\"@id\":\"https:\/\/www.artisanat-chakroun.com\/#website\"},\"primaryImageOfPage\":{\"@id\":\"https:\/\/www.artisanat-chakroun.com\/en\/about\/#primaryimage\"},\"image\":{\"@id\":\"https:\/\/www.artisanat-chakroun.com\/en\/about\/#primaryimage\"},\"thumbnailUrl\":\"https:\/\/www.artisanat-chakroun.com\/wp-content\/uploads\/2024\/08\/peper1.png\",\"datePublished\":\"2021-10-12T15:51:09+00:00\",\"dateModified\":\"2024-11-25T13:04:38+00:00\",\"description\":\"Discover the elegance of Tunisian olive wood products for your table art. Enhance your meals now with our spice mills!\",\"breadcrumb\":{\"@id\":\"https:\/\/www.artisanat-chakroun.com\/en\/about\/#breadcrumb\"},\"inLanguage\":\"en-US\",\"potentialAction\":[{\"@type\":\"ReadAction\",\"target\":[\"https:\/\/www.artisanat-chakroun.com\/en\/about\/\"]}]},{\"@type\":\"ImageObject\",\"inLanguage\":\"en-US\",\"@id\":\"https:\/\/www.artisanat-chakroun.com\/en\/about\/#primaryimage\",\"url\":\"https:\/\/www.artisanat-chakroun.com\/wp-content\/uploads\/2024\/08\/peper1.png\",\"contentUrl\":\"https:\/\/www.artisanat-chakroun.com\/wp-content\/uploads\/2024\/08\/peper1.png\"},{\"@type\":\"BreadcrumbList\",\"@id\":\"https:\/\/www.artisanat-chakroun.com\/en\/about\/#breadcrumb\",\"itemListElement\":[{\"@type\":\"ListItem\",\"position\":1,\"name\":\"Accueil\",\"item\":\"https:\/\/www.artisanat-chakroun.com\/en\/\"},{\"@type\":\"ListItem\",\"position\":2,\"name\":\"About\"}]},{\"@type\":\"WebSite\",\"@id\":\"https:\/\/www.artisanat-chakroun.com\/#website\",\"url\":\"https:\/\/www.artisanat-chakroun.com\/\",\"name\":\"Moulin \u00e0 poivre\",\"description\":\"Produits en bois d&#039;olivier Tunisie\",\"potentialAction\":[{\"@type\":\"SearchAction\",\"target\":{\"@type\":\"EntryPoint\",\"urlTemplate\":\"https:\/\/www.artisanat-chakroun.com\/?s={search_term_string}\"},\"query-input\":\"required name=search_term_string\"}],\"inLanguage\":\"en-US\"}]}<\/script>\n<!-- \/ Yoast SEO plugin. -->","yoast_head_json":{"title":"Olive wood products Tunisia | Table art","description":"Discover the elegance of Tunisian olive wood products for your table art. Enhance your meals now with our spice mills!","robots":{"index":"index","follow":"follow","max-snippet":"max-snippet:-1","max-image-preview":"max-image-preview:large","max-video-preview":"max-video-preview:-1"},"canonical":"https:\/\/www.artisanat-chakroun.com\/en\/about\/","og_locale":"en_US","og_type":"article","og_title":"Olive wood products Tunisia | Table art","og_description":"Discover the elegance of Tunisian olive wood products for your table art. Enhance your meals now with our spice mills!","og_url":"https:\/\/www.artisanat-chakroun.com\/en\/about\/","og_site_name":"Moulin \u00e0 poivre","article_modified_time":"2024-11-25T13:04:38+00:00","og_image":[{"url":"https:\/\/www.artisanat-chakroun.com\/wp-content\/uploads\/2024\/08\/peper1.png"}],"twitter_card":"summary_large_image","twitter_misc":{"Est. reading time":"2 minutes"},"schema":{"@context":"https:\/\/schema.org","@graph":[{"@type":"WebPage","@id":"https:\/\/www.artisanat-chakroun.com\/en\/about\/","url":"https:\/\/www.artisanat-chakroun.com\/en\/about\/","name":"Olive wood products Tunisia | Table art","isPartOf":{"@id":"https:\/\/www.artisanat-chakroun.com\/#website"},"primaryImageOfPage":{"@id":"https:\/\/www.artisanat-chakroun.com\/en\/about\/#primaryimage"},"image":{"@id":"https:\/\/www.artisanat-chakroun.com\/en\/about\/#primaryimage"},"thumbnailUrl":"https:\/\/www.artisanat-chakroun.com\/wp-content\/uploads\/2024\/08\/peper1.png","datePublished":"2021-10-12T15:51:09+00:00","dateModified":"2024-11-25T13:04:38+00:00","description":"Discover the elegance of Tunisian olive wood products for your table art. Enhance your meals now with our spice mills!","breadcrumb":{"@id":"https:\/\/www.artisanat-chakroun.com\/en\/about\/#breadcrumb"},"inLanguage":"en-US","potentialAction":[{"@type":"ReadAction","target":["https:\/\/www.artisanat-chakroun.com\/en\/about\/"]}]},{"@type":"ImageObject","inLanguage":"en-US","@id":"https:\/\/www.artisanat-chakroun.com\/en\/about\/#primaryimage","url":"https:\/\/www.artisanat-chakroun.com\/wp-content\/uploads\/2024\/08\/peper1.png","contentUrl":"https:\/\/www.artisanat-chakroun.com\/wp-content\/uploads\/2024\/08\/peper1.png"},{"@type":"BreadcrumbList","@id":"https:\/\/www.artisanat-chakroun.com\/en\/about\/#breadcrumb","itemListElement":[{"@type":"ListItem","position":1,"name":"Accueil","item":"https:\/\/www.artisanat-chakroun.com\/en\/"},{"@type":"ListItem","position":2,"name":"About"}]},{"@type":"WebSite","@id":"https:\/\/www.artisanat-chakroun.com\/#website","url":"https:\/\/www.artisanat-chakroun.com\/","name":"Moulin \u00e0 poivre","description":"Produits en bois d&#039;olivier Tunisie","potentialAction":[{"@type":"SearchAction","target":{"@type":"EntryPoint","urlTemplate":"https:\/\/www.artisanat-chakroun.com\/?s={search_term_string}"},"query-input":"required name=search_term_string"}],"inLanguage":"en-US"}]}},"_links":{"self":[{"href":"https:\/\/www.artisanat-chakroun.com\/en\/wp-json\/wp\/v2\/pages\/27903","targetHints":{"allow":["GET"]}}],"collection":[{"href":"https:\/\/www.artisanat-chakroun.com\/en\/wp-json\/wp\/v2\/pages"}],"about":[{"href":"https:\/\/www.artisanat-chakroun.com\/en\/wp-json\/wp\/v2\/types\/page"}],"author":[{"embeddable":true,"href":"https:\/\/www.artisanat-chakroun.com\/en\/wp-json\/wp\/v2\/users\/1"}],"replies":[{"embeddable":true,"href":"https:\/\/www.artisanat-chakroun.com\/en\/wp-json\/wp\/v2\/comments?post=27903"}],"version-history":[{"count":10,"href":"https:\/\/www.artisanat-chakroun.com\/en\/wp-json\/wp\/v2\/pages\/27903\/revisions"}],"predecessor-version":[{"id":28781,"href":"https:\/\/www.artisanat-chakroun.com\/en\/wp-json\/wp\/v2\/pages\/27903\/revisions\/28781"}],"wp:attachment":[{"href":"https:\/\/www.artisanat-chakroun.com\/en\/wp-json\/wp\/v2\/media?parent=27903"}],"curies":[{"name":"wp","href":"https:\/\/api.w.org\/{rel}","templated":true}]}}