{"id":28113,"date":"2024-08-09T12:50:28","date_gmt":"2024-08-09T10:50:28","guid":{"rendered":"https:\/\/www.artisanat-chakroun.com\/product\/moulin-a-poivre-rond-2\/"},"modified":"2024-11-25T16:11:52","modified_gmt":"2024-11-25T15:11:52","slug":"moulin-a-poivre-rond-2","status":"publish","type":"product","link":"https:\/\/www.artisanat-chakroun.com\/de\/product\/moulin-a-poivre-rond-2\/","title":{"rendered":"Runde Pfefferm\u00fchle 2"},"content":{"rendered":"","protected":false},"excerpt":{"rendered":"<p>Die Runde Pfefferm\u00fchle 2 ist ein wahres Kunstwerk aus Olivenholz. Gefertigt aus den reichen und markanten Maserungen dieses wertvollen Holzes, vereint diese M\u00fchle mit einer H\u00f6he von 160 mm und einem Durchmesser von 52 mm nat\u00fcrliche Sch\u00f6nheit und Funktionalit\u00e4t. Sie verleiht Ihrer K\u00fcche eine Note von Raffinesse und Authentizit\u00e4t und verwandelt jede Mahlzeit in ein elegantes und schmackhaftes Erlebnis.<\/p>\n<div id=\"wd-66b73a361256b\" class=\" whb-kw09qa13xptdqmojeveb wd-button-wrapper text-center\"><a class=\"btn btn-scheme-light btn-scheme-hover-light btn-style-default btn-style-rectangle btn-size-default\" title=\"\" href=\"https:\/\/www.artisanat-chakroun.com\/de\/demande-de-devis\/\">ANGEBOTSANFRAGE<\/a><\/div>\n","protected":false},"featured_media":28114,"comment_status":"open","ping_status":"closed","template":"","meta":[],"product_cat":[88,91],"product_tag":[],"class_list":{"0":"post-28113","1":"product","2":"type-product","3":"status-publish","4":"has-post-thumbnail","6":"product_cat-moulin-a-poivre-de","7":"product_cat-moulin-a-poivre-rond-de","9":"first","10":"instock","11":"shipping-taxable","12":"product-type-simple"},"yoast_head":"<!-- This site is optimized with the Yoast SEO plugin v23.3 - https:\/\/yoast.com\/wordpress\/plugins\/seo\/ -->\n<title>Runde Pfefferm\u00fchle 2 | Pfefferm\u00fchle Tunesien<\/title>\n<meta name=\"description\" content=\"Pfefferm\u00fchle, Salzm\u00fchle, Gew\u00fcrzm\u00fchle, Tischkultur, Pfeffer- und Salzm\u00fchle. Entdecken Sie unsere Auswahl an Produkten aus Olivenholz in Tunesien\" \/>\n<meta name=\"robots\" content=\"index, follow, max-snippet:-1, max-image-preview:large, max-video-preview:-1\" \/>\n<link rel=\"canonical\" href=\"https:\/\/www.artisanat-chakroun.com\/de\/product\/moulin-a-poivre-rond-2\/\" \/>\n<meta property=\"og:locale\" content=\"de_DE\" \/>\n<meta property=\"og:type\" content=\"article\" \/>\n<meta property=\"og:title\" content=\"Runde Pfefferm\u00fchle 2 | Pfefferm\u00fchle Tunesien\" \/>\n<meta property=\"og:description\" content=\"Pfefferm\u00fchle, Salzm\u00fchle, Gew\u00fcrzm\u00fchle, Tischkultur, Pfeffer- und Salzm\u00fchle. Entdecken Sie unsere Auswahl an Produkten aus Olivenholz in Tunesien\" \/>\n<meta property=\"og:url\" content=\"https:\/\/www.artisanat-chakroun.com\/de\/product\/moulin-a-poivre-rond-2\/\" \/>\n<meta property=\"og:site_name\" content=\"Moulin \u00e0 poivre\" \/>\n<meta property=\"article:modified_time\" content=\"2024-11-25T15:11:52+00:00\" \/>\n<meta property=\"og:image\" content=\"https:\/\/www.artisanat-chakroun.com\/wp-content\/uploads\/2024\/08\/ronnum2.png\" \/>\n\t<meta property=\"og:image:width\" content=\"500\" \/>\n\t<meta property=\"og:image:height\" content=\"500\" \/>\n\t<meta property=\"og:image:type\" content=\"image\/png\" \/>\n<meta name=\"twitter:card\" content=\"summary_large_image\" \/>\n<meta name=\"twitter:label1\" content=\"Gesch\u00e4tzte Lesezeit\" \/>\n\t<meta name=\"twitter:data1\" content=\"1\u00a0Minute\" \/>\n<script type=\"application\/ld+json\" class=\"yoast-schema-graph\">{\"@context\":\"https:\/\/schema.org\",\"@graph\":[{\"@type\":\"WebPage\",\"@id\":\"https:\/\/www.artisanat-chakroun.com\/de\/product\/moulin-a-poivre-rond-2\/\",\"url\":\"https:\/\/www.artisanat-chakroun.com\/de\/product\/moulin-a-poivre-rond-2\/\",\"name\":\"Runde Pfefferm\u00fchle 2 | Pfefferm\u00fchle Tunesien\",\"isPartOf\":{\"@id\":\"https:\/\/www.artisanat-chakroun.com\/#website\"},\"primaryImageOfPage\":{\"@id\":\"https:\/\/www.artisanat-chakroun.com\/de\/product\/moulin-a-poivre-rond-2\/#primaryimage\"},\"image\":{\"@id\":\"https:\/\/www.artisanat-chakroun.com\/de\/product\/moulin-a-poivre-rond-2\/#primaryimage\"},\"thumbnailUrl\":\"https:\/\/www.artisanat-chakroun.com\/wp-content\/uploads\/2024\/08\/ronnum2.png\",\"datePublished\":\"2024-08-09T10:50:28+00:00\",\"dateModified\":\"2024-11-25T15:11:52+00:00\",\"description\":\"Pfefferm\u00fchle, Salzm\u00fchle, Gew\u00fcrzm\u00fchle, Tischkultur, Pfeffer- und Salzm\u00fchle. Entdecken Sie unsere Auswahl an Produkten aus Olivenholz in Tunesien\",\"breadcrumb\":{\"@id\":\"https:\/\/www.artisanat-chakroun.com\/de\/product\/moulin-a-poivre-rond-2\/#breadcrumb\"},\"inLanguage\":\"de\",\"potentialAction\":[{\"@type\":\"ReadAction\",\"target\":[\"https:\/\/www.artisanat-chakroun.com\/de\/product\/moulin-a-poivre-rond-2\/\"]}]},{\"@type\":\"ImageObject\",\"inLanguage\":\"de\",\"@id\":\"https:\/\/www.artisanat-chakroun.com\/de\/product\/moulin-a-poivre-rond-2\/#primaryimage\",\"url\":\"https:\/\/www.artisanat-chakroun.com\/wp-content\/uploads\/2024\/08\/ronnum2.png\",\"contentUrl\":\"https:\/\/www.artisanat-chakroun.com\/wp-content\/uploads\/2024\/08\/ronnum2.png\",\"width\":500,\"height\":500},{\"@type\":\"BreadcrumbList\",\"@id\":\"https:\/\/www.artisanat-chakroun.com\/de\/product\/moulin-a-poivre-rond-2\/#breadcrumb\",\"itemListElement\":[{\"@type\":\"ListItem\",\"position\":1,\"name\":\"Accueil\",\"item\":\"https:\/\/www.artisanat-chakroun.com\/de\/\"},{\"@type\":\"ListItem\",\"position\":2,\"name\":\"Shop\",\"item\":\"https:\/\/www.artisanat-chakroun.com\/shop\/\"},{\"@type\":\"ListItem\",\"position\":3,\"name\":\"Runde Pfefferm\u00fchle 2\"}]},{\"@type\":\"WebSite\",\"@id\":\"https:\/\/www.artisanat-chakroun.com\/#website\",\"url\":\"https:\/\/www.artisanat-chakroun.com\/\",\"name\":\"Moulin \u00e0 poivre\",\"description\":\"Produits en bois d&#039;olivier Tunisie\",\"potentialAction\":[{\"@type\":\"SearchAction\",\"target\":{\"@type\":\"EntryPoint\",\"urlTemplate\":\"https:\/\/www.artisanat-chakroun.com\/?s={search_term_string}\"},\"query-input\":\"required name=search_term_string\"}],\"inLanguage\":\"de\"}]}<\/script>\n<!-- \/ Yoast SEO plugin. -->","yoast_head_json":{"title":"Runde Pfefferm\u00fchle 2 | Pfefferm\u00fchle Tunesien","description":"Pfefferm\u00fchle, Salzm\u00fchle, Gew\u00fcrzm\u00fchle, Tischkultur, Pfeffer- und Salzm\u00fchle. Entdecken Sie unsere Auswahl an Produkten aus Olivenholz in Tunesien","robots":{"index":"index","follow":"follow","max-snippet":"max-snippet:-1","max-image-preview":"max-image-preview:large","max-video-preview":"max-video-preview:-1"},"canonical":"https:\/\/www.artisanat-chakroun.com\/de\/product\/moulin-a-poivre-rond-2\/","og_locale":"de_DE","og_type":"article","og_title":"Runde Pfefferm\u00fchle 2 | Pfefferm\u00fchle Tunesien","og_description":"Pfefferm\u00fchle, Salzm\u00fchle, Gew\u00fcrzm\u00fchle, Tischkultur, Pfeffer- und Salzm\u00fchle. Entdecken Sie unsere Auswahl an Produkten aus Olivenholz in Tunesien","og_url":"https:\/\/www.artisanat-chakroun.com\/de\/product\/moulin-a-poivre-rond-2\/","og_site_name":"Moulin \u00e0 poivre","article_modified_time":"2024-11-25T15:11:52+00:00","og_image":[{"width":500,"height":500,"url":"https:\/\/www.artisanat-chakroun.com\/wp-content\/uploads\/2024\/08\/ronnum2.png","type":"image\/png"}],"twitter_card":"summary_large_image","twitter_misc":{"Gesch\u00e4tzte Lesezeit":"1\u00a0Minute"},"schema":{"@context":"https:\/\/schema.org","@graph":[{"@type":"WebPage","@id":"https:\/\/www.artisanat-chakroun.com\/de\/product\/moulin-a-poivre-rond-2\/","url":"https:\/\/www.artisanat-chakroun.com\/de\/product\/moulin-a-poivre-rond-2\/","name":"Runde Pfefferm\u00fchle 2 | Pfefferm\u00fchle Tunesien","isPartOf":{"@id":"https:\/\/www.artisanat-chakroun.com\/#website"},"primaryImageOfPage":{"@id":"https:\/\/www.artisanat-chakroun.com\/de\/product\/moulin-a-poivre-rond-2\/#primaryimage"},"image":{"@id":"https:\/\/www.artisanat-chakroun.com\/de\/product\/moulin-a-poivre-rond-2\/#primaryimage"},"thumbnailUrl":"https:\/\/www.artisanat-chakroun.com\/wp-content\/uploads\/2024\/08\/ronnum2.png","datePublished":"2024-08-09T10:50:28+00:00","dateModified":"2024-11-25T15:11:52+00:00","description":"Pfefferm\u00fchle, Salzm\u00fchle, Gew\u00fcrzm\u00fchle, Tischkultur, Pfeffer- und Salzm\u00fchle. Entdecken Sie unsere Auswahl an Produkten aus Olivenholz in Tunesien","breadcrumb":{"@id":"https:\/\/www.artisanat-chakroun.com\/de\/product\/moulin-a-poivre-rond-2\/#breadcrumb"},"inLanguage":"de","potentialAction":[{"@type":"ReadAction","target":["https:\/\/www.artisanat-chakroun.com\/de\/product\/moulin-a-poivre-rond-2\/"]}]},{"@type":"ImageObject","inLanguage":"de","@id":"https:\/\/www.artisanat-chakroun.com\/de\/product\/moulin-a-poivre-rond-2\/#primaryimage","url":"https:\/\/www.artisanat-chakroun.com\/wp-content\/uploads\/2024\/08\/ronnum2.png","contentUrl":"https:\/\/www.artisanat-chakroun.com\/wp-content\/uploads\/2024\/08\/ronnum2.png","width":500,"height":500},{"@type":"BreadcrumbList","@id":"https:\/\/www.artisanat-chakroun.com\/de\/product\/moulin-a-poivre-rond-2\/#breadcrumb","itemListElement":[{"@type":"ListItem","position":1,"name":"Accueil","item":"https:\/\/www.artisanat-chakroun.com\/de\/"},{"@type":"ListItem","position":2,"name":"Shop","item":"https:\/\/www.artisanat-chakroun.com\/shop\/"},{"@type":"ListItem","position":3,"name":"Runde Pfefferm\u00fchle 2"}]},{"@type":"WebSite","@id":"https:\/\/www.artisanat-chakroun.com\/#website","url":"https:\/\/www.artisanat-chakroun.com\/","name":"Moulin \u00e0 poivre","description":"Produits en bois d&#039;olivier Tunisie","potentialAction":[{"@type":"SearchAction","target":{"@type":"EntryPoint","urlTemplate":"https:\/\/www.artisanat-chakroun.com\/?s={search_term_string}"},"query-input":"required name=search_term_string"}],"inLanguage":"de"}]}},"_links":{"self":[{"href":"https:\/\/www.artisanat-chakroun.com\/de\/wp-json\/wp\/v2\/product\/28113","targetHints":{"allow":["GET"]}}],"collection":[{"href":"https:\/\/www.artisanat-chakroun.com\/de\/wp-json\/wp\/v2\/product"}],"about":[{"href":"https:\/\/www.artisanat-chakroun.com\/de\/wp-json\/wp\/v2\/types\/product"}],"replies":[{"embeddable":true,"href":"https:\/\/www.artisanat-chakroun.com\/de\/wp-json\/wp\/v2\/comments?post=28113"}],"version-history":[{"count":3,"href":"https:\/\/www.artisanat-chakroun.com\/de\/wp-json\/wp\/v2\/product\/28113\/revisions"}],"predecessor-version":[{"id":28370,"href":"https:\/\/www.artisanat-chakroun.com\/de\/wp-json\/wp\/v2\/product\/28113\/revisions\/28370"}],"wp:featuredmedia":[{"embeddable":true,"href":"https:\/\/www.artisanat-chakroun.com\/de\/wp-json\/wp\/v2\/media\/28114"}],"wp:attachment":[{"href":"https:\/\/www.artisanat-chakroun.com\/de\/wp-json\/wp\/v2\/media?parent=28113"}],"wp:term":[{"taxonomy":"product_cat","embeddable":true,"href":"https:\/\/www.artisanat-chakroun.com\/de\/wp-json\/wp\/v2\/product_cat?post=28113"},{"taxonomy":"product_tag","embeddable":true,"href":"https:\/\/www.artisanat-chakroun.com\/de\/wp-json\/wp\/v2\/product_tag?post=28113"}],"curies":[{"name":"wp","href":"https:\/\/api.w.org\/{rel}","templated":true}]}}