{"id":28040,"date":"2024-08-08T12:36:13","date_gmt":"2024-08-08T10:36:13","guid":{"rendered":"https:\/\/www.artisanat-chakroun.com\/product\/moulin-a-herbes\/"},"modified":"2024-08-12T16:16:33","modified_gmt":"2024-08-12T14:16:33","slug":"moulin-a-herbes","status":"publish","type":"product","link":"https:\/\/www.artisanat-chakroun.com\/de\/product\/moulin-a-herbes\/","title":{"rendered":"Kr\u00e4utermahler"},"content":{"rendered":"","protected":false},"excerpt":{"rendered":"<p>Die Kr\u00e4uterm\u00fchle aus Olivenholz vereint raffiniertes Design und Praktikabilit\u00e4t mit ihren 120 mm Breite und 60 mm Durchmesser. Einfach zu reinigen und nachzuf\u00fcllen, ist sie perfekt, um Ihre Gew\u00fcrze, Kr\u00e4uter, Pfeffer, Salz und vieles mehr stilvoll zu w\u00fcrzen. Ihre nat\u00fcrliche Sch\u00f6nheit und Funktionalit\u00e4t machen sie zu einem eleganten Must-have, um Ihre Gerichte und Ihre K\u00fcche zu bereichern.<\/p>\n<div id=\"wd-66b73a361256b\" class=\" whb-kw09qa13xptdqmojeveb wd-button-wrapper text-center\"><a class=\"btn btn-scheme-light btn-scheme-hover-light btn-style-default btn-style-rectangle btn-size-default\" title=\"\" href=\"https:\/\/www.artisanat-chakroun.com\/de\/demande-de-devis\/\">ANGEBOTSANFRAGE<\/a><\/div>\n","protected":false},"featured_media":28041,"comment_status":"open","ping_status":"closed","template":"","meta":[],"product_cat":[87,88],"product_tag":[],"class_list":{"0":"post-28040","1":"product","2":"type-product","3":"status-publish","4":"has-post-thumbnail","6":"product_cat-moulin-a-herbes-de","7":"product_cat-moulin-a-poivre-de","9":"first","10":"instock","11":"shipping-taxable","12":"product-type-simple"},"yoast_head":"<!-- This site is optimized with the Yoast SEO plugin v23.3 - https:\/\/yoast.com\/wordpress\/plugins\/seo\/ -->\n<title>Kr\u00e4utermahler | Moulin \u00e0 poivre<\/title>\n<meta name=\"description\" content=\"Die Kr\u00e4uterm\u00fchle aus Olivenholz vereint raffiniertes Design und Praktikabilit\u00e4t mit ihren 120 mm Breite und 60 mm Durchmesser. Einfach zu reinigen und nachzuf\u00fcllen, ist sie perfekt, um Ihre Gew\u00fcrze, Kr\u00e4uter, Pfeffer, Salz und vieles mehr stilvoll zu w\u00fcrzen. Ihre nat\u00fcrliche Sch\u00f6nheit und Funktionalit\u00e4t machen sie zu einem eleganten Must-have, um Ihre Gerichte und Ihre K\u00fcche zu bereichern. ANGEBOTSANFRAGE\" \/>\n<meta name=\"robots\" content=\"index, follow, max-snippet:-1, max-image-preview:large, max-video-preview:-1\" \/>\n<link rel=\"canonical\" href=\"https:\/\/www.artisanat-chakroun.com\/de\/product\/moulin-a-herbes\/\" \/>\n<meta property=\"og:locale\" content=\"de_DE\" \/>\n<meta property=\"og:type\" content=\"article\" \/>\n<meta property=\"og:title\" content=\"Kr\u00e4utermahler | Moulin \u00e0 poivre\" \/>\n<meta property=\"og:description\" content=\"Die Kr\u00e4uterm\u00fchle aus Olivenholz vereint raffiniertes Design und Praktikabilit\u00e4t mit ihren 120 mm Breite und 60 mm Durchmesser. Einfach zu reinigen und nachzuf\u00fcllen, ist sie perfekt, um Ihre Gew\u00fcrze, Kr\u00e4uter, Pfeffer, Salz und vieles mehr stilvoll zu w\u00fcrzen. Ihre nat\u00fcrliche Sch\u00f6nheit und Funktionalit\u00e4t machen sie zu einem eleganten Must-have, um Ihre Gerichte und Ihre K\u00fcche zu bereichern. ANGEBOTSANFRAGE\" \/>\n<meta property=\"og:url\" content=\"https:\/\/www.artisanat-chakroun.com\/de\/product\/moulin-a-herbes\/\" \/>\n<meta property=\"og:site_name\" content=\"Moulin \u00e0 poivre\" \/>\n<meta property=\"article:modified_time\" content=\"2024-08-12T14:16:33+00:00\" \/>\n<meta property=\"og:image\" content=\"https:\/\/www.artisanat-chakroun.com\/wp-content\/uploads\/2024\/08\/moulin-a-herbre.png\" \/>\n\t<meta property=\"og:image:width\" content=\"500\" \/>\n\t<meta property=\"og:image:height\" content=\"500\" \/>\n\t<meta property=\"og:image:type\" content=\"image\/png\" \/>\n<meta name=\"twitter:card\" content=\"summary_large_image\" \/>\n<script type=\"application\/ld+json\" class=\"yoast-schema-graph\">{\"@context\":\"https:\/\/schema.org\",\"@graph\":[{\"@type\":\"WebPage\",\"@id\":\"https:\/\/www.artisanat-chakroun.com\/de\/product\/moulin-a-herbes\/\",\"url\":\"https:\/\/www.artisanat-chakroun.com\/de\/product\/moulin-a-herbes\/\",\"name\":\"Kr\u00e4utermahler | Moulin \u00e0 poivre\",\"isPartOf\":{\"@id\":\"https:\/\/www.artisanat-chakroun.com\/#website\"},\"primaryImageOfPage\":{\"@id\":\"https:\/\/www.artisanat-chakroun.com\/de\/product\/moulin-a-herbes\/#primaryimage\"},\"image\":{\"@id\":\"https:\/\/www.artisanat-chakroun.com\/de\/product\/moulin-a-herbes\/#primaryimage\"},\"thumbnailUrl\":\"https:\/\/www.artisanat-chakroun.com\/wp-content\/uploads\/2024\/08\/moulin-a-herbre.png\",\"datePublished\":\"2024-08-08T10:36:13+00:00\",\"dateModified\":\"2024-08-12T14:16:33+00:00\",\"description\":\"Die Kr\u00e4uterm\u00fchle aus Olivenholz vereint raffiniertes Design und Praktikabilit\u00e4t mit ihren 120 mm Breite und 60 mm Durchmesser. Einfach zu reinigen und nachzuf\u00fcllen, ist sie perfekt, um Ihre Gew\u00fcrze, Kr\u00e4uter, Pfeffer, Salz und vieles mehr stilvoll zu w\u00fcrzen. Ihre nat\u00fcrliche Sch\u00f6nheit und Funktionalit\u00e4t machen sie zu einem eleganten Must-have, um Ihre Gerichte und Ihre K\u00fcche zu bereichern. ANGEBOTSANFRAGE\",\"breadcrumb\":{\"@id\":\"https:\/\/www.artisanat-chakroun.com\/de\/product\/moulin-a-herbes\/#breadcrumb\"},\"inLanguage\":\"de\",\"potentialAction\":[{\"@type\":\"ReadAction\",\"target\":[\"https:\/\/www.artisanat-chakroun.com\/de\/product\/moulin-a-herbes\/\"]}]},{\"@type\":\"ImageObject\",\"inLanguage\":\"de\",\"@id\":\"https:\/\/www.artisanat-chakroun.com\/de\/product\/moulin-a-herbes\/#primaryimage\",\"url\":\"https:\/\/www.artisanat-chakroun.com\/wp-content\/uploads\/2024\/08\/moulin-a-herbre.png\",\"contentUrl\":\"https:\/\/www.artisanat-chakroun.com\/wp-content\/uploads\/2024\/08\/moulin-a-herbre.png\",\"width\":500,\"height\":500},{\"@type\":\"BreadcrumbList\",\"@id\":\"https:\/\/www.artisanat-chakroun.com\/de\/product\/moulin-a-herbes\/#breadcrumb\",\"itemListElement\":[{\"@type\":\"ListItem\",\"position\":1,\"name\":\"Accueil\",\"item\":\"https:\/\/www.artisanat-chakroun.com\/de\/\"},{\"@type\":\"ListItem\",\"position\":2,\"name\":\"Shop\",\"item\":\"https:\/\/www.artisanat-chakroun.com\/shop\/\"},{\"@type\":\"ListItem\",\"position\":3,\"name\":\"Kr\u00e4utermahler\"}]},{\"@type\":\"WebSite\",\"@id\":\"https:\/\/www.artisanat-chakroun.com\/#website\",\"url\":\"https:\/\/www.artisanat-chakroun.com\/\",\"name\":\"Moulin \u00e0 poivre\",\"description\":\"Produits en bois d&#039;olivier Tunisie\",\"potentialAction\":[{\"@type\":\"SearchAction\",\"target\":{\"@type\":\"EntryPoint\",\"urlTemplate\":\"https:\/\/www.artisanat-chakroun.com\/?s={search_term_string}\"},\"query-input\":\"required name=search_term_string\"}],\"inLanguage\":\"de\"}]}<\/script>\n<!-- \/ Yoast SEO plugin. -->","yoast_head_json":{"title":"Kr\u00e4utermahler | Moulin \u00e0 poivre","description":"Die Kr\u00e4uterm\u00fchle aus Olivenholz vereint raffiniertes Design und Praktikabilit\u00e4t mit ihren 120 mm Breite und 60 mm Durchmesser. Einfach zu reinigen und nachzuf\u00fcllen, ist sie perfekt, um Ihre Gew\u00fcrze, Kr\u00e4uter, Pfeffer, Salz und vieles mehr stilvoll zu w\u00fcrzen. Ihre nat\u00fcrliche Sch\u00f6nheit und Funktionalit\u00e4t machen sie zu einem eleganten Must-have, um Ihre Gerichte und Ihre K\u00fcche zu bereichern. ANGEBOTSANFRAGE","robots":{"index":"index","follow":"follow","max-snippet":"max-snippet:-1","max-image-preview":"max-image-preview:large","max-video-preview":"max-video-preview:-1"},"canonical":"https:\/\/www.artisanat-chakroun.com\/de\/product\/moulin-a-herbes\/","og_locale":"de_DE","og_type":"article","og_title":"Kr\u00e4utermahler | Moulin \u00e0 poivre","og_description":"Die Kr\u00e4uterm\u00fchle aus Olivenholz vereint raffiniertes Design und Praktikabilit\u00e4t mit ihren 120 mm Breite und 60 mm Durchmesser. Einfach zu reinigen und nachzuf\u00fcllen, ist sie perfekt, um Ihre Gew\u00fcrze, Kr\u00e4uter, Pfeffer, Salz und vieles mehr stilvoll zu w\u00fcrzen. Ihre nat\u00fcrliche Sch\u00f6nheit und Funktionalit\u00e4t machen sie zu einem eleganten Must-have, um Ihre Gerichte und Ihre K\u00fcche zu bereichern. ANGEBOTSANFRAGE","og_url":"https:\/\/www.artisanat-chakroun.com\/de\/product\/moulin-a-herbes\/","og_site_name":"Moulin \u00e0 poivre","article_modified_time":"2024-08-12T14:16:33+00:00","og_image":[{"width":500,"height":500,"url":"https:\/\/www.artisanat-chakroun.com\/wp-content\/uploads\/2024\/08\/moulin-a-herbre.png","type":"image\/png"}],"twitter_card":"summary_large_image","schema":{"@context":"https:\/\/schema.org","@graph":[{"@type":"WebPage","@id":"https:\/\/www.artisanat-chakroun.com\/de\/product\/moulin-a-herbes\/","url":"https:\/\/www.artisanat-chakroun.com\/de\/product\/moulin-a-herbes\/","name":"Kr\u00e4utermahler | Moulin \u00e0 poivre","isPartOf":{"@id":"https:\/\/www.artisanat-chakroun.com\/#website"},"primaryImageOfPage":{"@id":"https:\/\/www.artisanat-chakroun.com\/de\/product\/moulin-a-herbes\/#primaryimage"},"image":{"@id":"https:\/\/www.artisanat-chakroun.com\/de\/product\/moulin-a-herbes\/#primaryimage"},"thumbnailUrl":"https:\/\/www.artisanat-chakroun.com\/wp-content\/uploads\/2024\/08\/moulin-a-herbre.png","datePublished":"2024-08-08T10:36:13+00:00","dateModified":"2024-08-12T14:16:33+00:00","description":"Die Kr\u00e4uterm\u00fchle aus Olivenholz vereint raffiniertes Design und Praktikabilit\u00e4t mit ihren 120 mm Breite und 60 mm Durchmesser. Einfach zu reinigen und nachzuf\u00fcllen, ist sie perfekt, um Ihre Gew\u00fcrze, Kr\u00e4uter, Pfeffer, Salz und vieles mehr stilvoll zu w\u00fcrzen. Ihre nat\u00fcrliche Sch\u00f6nheit und Funktionalit\u00e4t machen sie zu einem eleganten Must-have, um Ihre Gerichte und Ihre K\u00fcche zu bereichern. ANGEBOTSANFRAGE","breadcrumb":{"@id":"https:\/\/www.artisanat-chakroun.com\/de\/product\/moulin-a-herbes\/#breadcrumb"},"inLanguage":"de","potentialAction":[{"@type":"ReadAction","target":["https:\/\/www.artisanat-chakroun.com\/de\/product\/moulin-a-herbes\/"]}]},{"@type":"ImageObject","inLanguage":"de","@id":"https:\/\/www.artisanat-chakroun.com\/de\/product\/moulin-a-herbes\/#primaryimage","url":"https:\/\/www.artisanat-chakroun.com\/wp-content\/uploads\/2024\/08\/moulin-a-herbre.png","contentUrl":"https:\/\/www.artisanat-chakroun.com\/wp-content\/uploads\/2024\/08\/moulin-a-herbre.png","width":500,"height":500},{"@type":"BreadcrumbList","@id":"https:\/\/www.artisanat-chakroun.com\/de\/product\/moulin-a-herbes\/#breadcrumb","itemListElement":[{"@type":"ListItem","position":1,"name":"Accueil","item":"https:\/\/www.artisanat-chakroun.com\/de\/"},{"@type":"ListItem","position":2,"name":"Shop","item":"https:\/\/www.artisanat-chakroun.com\/shop\/"},{"@type":"ListItem","position":3,"name":"Kr\u00e4utermahler"}]},{"@type":"WebSite","@id":"https:\/\/www.artisanat-chakroun.com\/#website","url":"https:\/\/www.artisanat-chakroun.com\/","name":"Moulin \u00e0 poivre","description":"Produits en bois d&#039;olivier Tunisie","potentialAction":[{"@type":"SearchAction","target":{"@type":"EntryPoint","urlTemplate":"https:\/\/www.artisanat-chakroun.com\/?s={search_term_string}"},"query-input":"required name=search_term_string"}],"inLanguage":"de"}]}},"_links":{"self":[{"href":"https:\/\/www.artisanat-chakroun.com\/de\/wp-json\/wp\/v2\/product\/28040","targetHints":{"allow":["GET"]}}],"collection":[{"href":"https:\/\/www.artisanat-chakroun.com\/de\/wp-json\/wp\/v2\/product"}],"about":[{"href":"https:\/\/www.artisanat-chakroun.com\/de\/wp-json\/wp\/v2\/types\/product"}],"replies":[{"embeddable":true,"href":"https:\/\/www.artisanat-chakroun.com\/de\/wp-json\/wp\/v2\/comments?post=28040"}],"version-history":[{"count":4,"href":"https:\/\/www.artisanat-chakroun.com\/de\/wp-json\/wp\/v2\/product\/28040\/revisions"}],"predecessor-version":[{"id":28375,"href":"https:\/\/www.artisanat-chakroun.com\/de\/wp-json\/wp\/v2\/product\/28040\/revisions\/28375"}],"wp:featuredmedia":[{"embeddable":true,"href":"https:\/\/www.artisanat-chakroun.com\/de\/wp-json\/wp\/v2\/media\/28041"}],"wp:attachment":[{"href":"https:\/\/www.artisanat-chakroun.com\/de\/wp-json\/wp\/v2\/media?parent=28040"}],"wp:term":[{"taxonomy":"product_cat","embeddable":true,"href":"https:\/\/www.artisanat-chakroun.com\/de\/wp-json\/wp\/v2\/product_cat?post=28040"},{"taxonomy":"product_tag","embeddable":true,"href":"https:\/\/www.artisanat-chakroun.com\/de\/wp-json\/wp\/v2\/product_tag?post=28040"}],"curies":[{"name":"wp","href":"https:\/\/api.w.org\/{rel}","templated":true}]}}