{"id":28065,"date":"2024-08-10T09:35:11","date_gmt":"2024-08-10T07:35:11","guid":{"rendered":"https:\/\/www.artisanat-chakroun.com\/demande-de-devis\/"},"modified":"2024-08-12T16:27:31","modified_gmt":"2024-08-12T14:27:31","slug":"demande-de-devis","status":"publish","type":"page","link":"https:\/\/www.artisanat-chakroun.com\/de\/demande-de-devis\/","title":{"rendered":"ANGEBOTSANFRAGE"},"content":{"rendered":"\t\t<div data-elementor-type=\"wp-page\" data-elementor-id=\"28065\" class=\"elementor elementor-28065\">\n\t\t\t\t\t\t<section class=\"wd-negative-gap elementor-section elementor-top-section elementor-element elementor-element-58c5d26f wd-section-stretch elementor-section-boxed elementor-section-height-default elementor-section-height-default\" data-id=\"58c5d26f\" data-element_type=\"section\" data-settings=\"{&quot;background_background&quot;:&quot;classic&quot;}\">\n\t\t\t\t\t\t<div class=\"elementor-container elementor-column-gap-default\">\n\t\t\t\t\t<div class=\"elementor-column elementor-col-100 elementor-top-column elementor-element elementor-element-53d0e74f\" data-id=\"53d0e74f\" data-element_type=\"column\">\n\t\t\t<div class=\"elementor-widget-wrap elementor-element-populated\">\n\t\t\t\t\t\t<div class=\"elementor-element elementor-element-7b8725e wd-width-100 elementor-widget elementor-widget-wd_title\" data-id=\"7b8725e\" data-element_type=\"widget\" data-widget_type=\"wd_title.default\">\n\t\t\t\t<div class=\"elementor-widget-container\">\n\t\t\t\t\t<div class=\"title-wrapper set-mb-s reset-last-child wd-title-color-primary wd-title-style-default wd-title-size-default text-center\">\n\n\t\t\t\t\t\t\t<div class=\"title-subtitle subtitle-color-primary subtitle-style-default wd-fontsize-xs\">\n\t\t\t\t\tIhr Angebot mit einem Klick\t\t\t\t<\/div>\n\t\t\t\n\t\t\t<div class=\"liner-continer\">\n\t\t\t\t<h4 class=\"woodmart-title-container title wd-fontsize-l\">Einfach, Schnell und Transparent<\/h4> \n\t\t\t\t\t\t\t<\/div>\n\n\t\t\t\t\t\t\t<div class=\"title-after_title set-cont-mb-s reset-last-child wd-fontsize-xs\">\n\t\t\t\t\tHolen Sie sich einfach ein Angebot f\u00fcr unsere Olivenholzprodukte. F\u00fcllen Sie das Formular aus, und wir werden Ihnen schnell eine klare und pr\u00e4zise Sch\u00e4tzung bereitstellen. Bei ETS ARTISANAT CHAKROUN verpflichten wir uns, wettbewerbsf\u00e4hige Preise anzubieten und gleichzeitig die Exzellenz unseres Handwerks zu wahren.\t\t\t\t<\/div>\n\t\t\t\t\t<\/div>\n\t\t\t\t<\/div>\n\t\t\t\t<\/div>\n\t\t\t\t<div class=\"elementor-element elementor-element-13fb566 elementor-hidden-tablet elementor-hidden-mobile elementor-widget elementor-widget-wd_contact_form_7\" data-id=\"13fb566\" data-element_type=\"widget\" data-widget_type=\"wd_contact_form_7.default\">\n\t\t\t\t<div class=\"elementor-widget-container\">\n\t\t\t\n<div class=\"wpcf7 no-js\" id=\"wpcf7-f28069-o1\" lang=\"en-US\" dir=\"ltr\">\n<div class=\"screen-reader-response\"><p role=\"status\" aria-live=\"polite\" aria-atomic=\"true\"><\/p> <ul><\/ul><\/div>\n<form action=\"\/de\/wp-json\/wp\/v2\/pages\/28065#wpcf7-f28069-o1\" method=\"post\" class=\"wpcf7-form init\" aria-label=\"Contact form\" novalidate=\"novalidate\" data-status=\"init\">\n<div style=\"display: none;\">\n<input type=\"hidden\" name=\"_wpcf7\" value=\"28069\" \/>\n<input type=\"hidden\" name=\"_wpcf7_version\" value=\"5.9.8\" \/>\n<input type=\"hidden\" name=\"_wpcf7_locale\" value=\"en_US\" \/>\n<input type=\"hidden\" name=\"_wpcf7_unit_tag\" value=\"wpcf7-f28069-o1\" \/>\n<input type=\"hidden\" name=\"_wpcf7_container_post\" value=\"0\" \/>\n<input type=\"hidden\" name=\"_wpcf7_posted_data_hash\" value=\"\" \/>\n<input type=\"hidden\" name=\"_wpcf7_recaptcha_response\" value=\"\" \/>\n<\/div>\n<div class=\"row\">\n\t<p class=\"col-md-6\"><label>Name<\/label><span class=\"wpcf7-form-control-wrap\" data-name=\"your-name\"><input size=\"40\" maxlength=\"400\" class=\"wpcf7-form-control wpcf7-text wpcf7-validates-as-required\" aria-required=\"true\" aria-invalid=\"false\" value=\"\" type=\"text\" name=\"your-name\" \/><\/span>\n\t<\/p>\n\t<p class=\"col-md-6\"><label>Vorname<\/label><span class=\"wpcf7-form-control-wrap\" data-name=\"your-email\"><input size=\"40\" maxlength=\"400\" class=\"wpcf7-form-control wpcf7-email wpcf7-validates-as-required wpcf7-text wpcf7-validates-as-email\" aria-required=\"true\" aria-invalid=\"false\" value=\"\" type=\"email\" name=\"your-email\" \/><\/span>\n\t<\/p>\n<\/div>\n<div class=\"row\">\n\t<p class=\"col-md-6\"><label>Telefon<\/label><span class=\"wpcf7-form-control-wrap\" data-name=\"tel-767\"><input size=\"40\" maxlength=\"400\" class=\"wpcf7-form-control wpcf7-tel wpcf7-text wpcf7-validates-as-tel\" aria-invalid=\"false\" value=\"\" type=\"tel\" name=\"tel-767\" \/><\/span>\n\t<\/p>\n\t<p class=\"col-md-6\"><label>E-Mail<\/label><span class=\"wpcf7-form-control-wrap\" data-name=\"text-1\"><input size=\"40\" maxlength=\"400\" class=\"wpcf7-form-control wpcf7-text\" aria-invalid=\"false\" value=\"\" type=\"text\" name=\"text-1\" \/><\/span>\n\t<\/p>\n<\/div>\n<div class=\"row\">\n\t<p><label>Produkt(e) ausw\u00e4hlen <\/label>\n\t<\/p>\n<\/div>\n<div class=\"row\">\n\t<P><span class=\"wpcf7-form-control-wrap\" data-name=\"checkbox-929\"><span class=\"wpcf7-form-control wpcf7-checkbox\"><span class=\"wpcf7-list-item first\"><label><input type=\"checkbox\" name=\"checkbox-929[]\" value=\"Einfacher Pfefferm\u00fchle1\" \/><span class=\"wpcf7-list-item-label\">Einfacher Pfefferm\u00fchle1<\/span><\/label><\/span><span class=\"wpcf7-list-item\"><label><input type=\"checkbox\" name=\"checkbox-929[]\" value=\"Einfacher Pfefferm\u00fchle 2\" \/><span class=\"wpcf7-list-item-label\">Einfacher Pfefferm\u00fchle 2<\/span><\/label><\/span><span class=\"wpcf7-list-item\"><label><input type=\"checkbox\" name=\"checkbox-929[]\" value=\"Einfacher Pfefferm\u00fchle3\" \/><span class=\"wpcf7-list-item-label\">Einfacher Pfefferm\u00fchle3<\/span><\/label><\/span><span class=\"wpcf7-list-item last\"><label><input type=\"checkbox\" name=\"checkbox-929[]\" value=\"Einfacher Pfefferm\u00fchle 4\" \/><span class=\"wpcf7-list-item-label\">Einfacher Pfefferm\u00fchle 4<\/span><\/label><\/span><\/span><\/span>\n\t<\/p>\n\t<p><span class=\"wpcf7-form-control-wrap\" data-name=\"checkbox-589\"><span class=\"wpcf7-form-control wpcf7-checkbox\"><span class=\"wpcf7-list-item first\"><label><input type=\"checkbox\" name=\"checkbox-589[]\" value=\"Runde Pfefferm\u00fchle 1\" \/><span class=\"wpcf7-list-item-label\">Runde Pfefferm\u00fchle 1<\/span><\/label><\/span><span class=\"wpcf7-list-item\"><label><input type=\"checkbox\" name=\"checkbox-589[]\" value=\"Runde Pfefferm\u00fchle 2\" \/><span class=\"wpcf7-list-item-label\">Runde Pfefferm\u00fchle 2<\/span><\/label><\/span><span class=\"wpcf7-list-item\"><label><input type=\"checkbox\" name=\"checkbox-589[]\" value=\"Runde Pfefferm\u00fchle 3\" \/><span class=\"wpcf7-list-item-label\">Runde Pfefferm\u00fchle 3<\/span><\/label><\/span><span class=\"wpcf7-list-item\"><label><input type=\"checkbox\" name=\"checkbox-589[]\" value=\"Runde Pfefferm\u00fchle 4\" \/><span class=\"wpcf7-list-item-label\">Runde Pfefferm\u00fchle 4<\/span><\/label><\/span><span class=\"wpcf7-list-item last\"><label><input type=\"checkbox\" name=\"checkbox-589[]\" value=\"Runde Pfefferm\u00fchle 5\" \/><span class=\"wpcf7-list-item-label\">Runde Pfefferm\u00fchle 5<\/span><\/label><\/span><\/span><\/span>\n\t<\/p>\n\t<p><span class=\"wpcf7-form-control-wrap\" data-name=\"checkbox-590\"><span class=\"wpcf7-form-control wpcf7-checkbox\"><span class=\"wpcf7-list-item first\"><label><input type=\"checkbox\" name=\"checkbox-590[]\" value=\"Runde manuelle Pfefferm\u00fchle\" \/><span class=\"wpcf7-list-item-label\">Runde manuelle Pfefferm\u00fchle<\/span><\/label><\/span><span class=\"wpcf7-list-item last\"><label><input type=\"checkbox\" name=\"checkbox-590[]\" value=\"Kr\u00e4uterm\u00fchle\" \/><span class=\"wpcf7-list-item-label\">Kr\u00e4uterm\u00fchle<\/span><\/label><\/span><\/span><\/span>\n\t<\/p>\n<\/div>\n<p><label>Menge jedes Produkts<br \/>\n<\/label><span class=\"wpcf7-form-control-wrap\" data-name=\"your-message\"><textarea cols=\"40\" rows=\"10\" maxlength=\"2000\" class=\"wpcf7-form-control wpcf7-textarea\" aria-invalid=\"false\" name=\"your-message\"><\/textarea><\/span>\n<\/p>\n<span class=\"wpcf7-form-control-wrap recaptcha\"><span data-sitekey=\"6LfIqiUqAAAAAN8Bx_mLZb7RD6qbwTY4AoQLw8Wb\" class=\"wpcf7-form-control wpcf7-recaptcha g-recaptcha\"><\/span>\r\n<noscript>\r\n\t<div class=\"grecaptcha-noscript\">\r\n\t\t<iframe src=\"https:\/\/www.google.com\/recaptcha\/api\/fallback?k=6LfIqiUqAAAAAN8Bx_mLZb7RD6qbwTY4AoQLw8Wb\" frameborder=\"0\" scrolling=\"no\" width=\"310\" height=\"430\">\r\n\t\t<\/iframe>\r\n\t\t<textarea name=\"g-recaptcha-response\" rows=\"3\" cols=\"40\" placeholder=\"reCaptcha Response Here\">\r\n\t\t<\/textarea>\r\n\t<\/div>\r\n<\/noscript>\r\n<\/span>\n<p><input class=\"wpcf7-form-control wpcf7-submit has-spinner btn-color-black\" type=\"submit\" value=\"Senden\" \/>\n<\/p><div class=\"wpcf7-response-output\" aria-hidden=\"true\"><\/div>\n<\/form>\n<\/div>\n\t\t<\/div>\n\t\t\t\t<\/div>\n\t\t\t\t<div class=\"elementor-element elementor-element-dbab6ec elementor-hidden-desktop elementor-widget elementor-widget-wd_contact_form_7\" data-id=\"dbab6ec\" data-element_type=\"widget\" data-widget_type=\"wd_contact_form_7.default\">\n\t\t\t\t<div class=\"elementor-widget-container\">\n\t\t\t\n<div class=\"wpcf7 no-js\" id=\"wpcf7-f1572-o2\" lang=\"en-US\" dir=\"ltr\">\n<div class=\"screen-reader-response\"><p role=\"status\" aria-live=\"polite\" aria-atomic=\"true\"><\/p> <ul><\/ul><\/div>\n<form action=\"\/de\/wp-json\/wp\/v2\/pages\/28065#wpcf7-f1572-o2\" method=\"post\" class=\"wpcf7-form init\" aria-label=\"Contact form\" novalidate=\"novalidate\" data-status=\"init\">\n<div style=\"display: none;\">\n<input type=\"hidden\" name=\"_wpcf7\" value=\"1572\" \/>\n<input type=\"hidden\" name=\"_wpcf7_version\" value=\"5.9.8\" \/>\n<input type=\"hidden\" name=\"_wpcf7_locale\" value=\"en_US\" \/>\n<input type=\"hidden\" name=\"_wpcf7_unit_tag\" value=\"wpcf7-f1572-o2\" \/>\n<input type=\"hidden\" name=\"_wpcf7_container_post\" value=\"0\" \/>\n<input type=\"hidden\" name=\"_wpcf7_posted_data_hash\" value=\"\" \/>\n<input type=\"hidden\" name=\"_wpcf7_recaptcha_response\" value=\"\" \/>\n<\/div>\n<div class=\"row\">\n\t<p class=\"col-md-6\"><label>Nom<\/label><span class=\"wpcf7-form-control-wrap\" data-name=\"your-name\"><input size=\"40\" maxlength=\"400\" class=\"wpcf7-form-control wpcf7-text wpcf7-validates-as-required\" aria-required=\"true\" aria-invalid=\"false\" value=\"\" type=\"text\" name=\"your-name\" \/><\/span>\n\t<\/p>\n\t<p class=\"col-md-6\"><label>Pr\u00e9nom<\/label><span class=\"wpcf7-form-control-wrap\" data-name=\"your-email\"><input size=\"40\" maxlength=\"400\" class=\"wpcf7-form-control wpcf7-email wpcf7-validates-as-required wpcf7-text wpcf7-validates-as-email\" aria-required=\"true\" aria-invalid=\"false\" value=\"\" type=\"email\" name=\"your-email\" \/><\/span>\n\t<\/p>\n<\/div>\n<div class=\"row\">\n\t<p class=\"col-md-6\"><label>T\u00e9l\u00e9phone<\/label><span class=\"wpcf7-form-control-wrap\" data-name=\"tel-767\"><input size=\"40\" maxlength=\"400\" class=\"wpcf7-form-control wpcf7-tel wpcf7-text wpcf7-validates-as-tel\" aria-invalid=\"false\" value=\"\" type=\"tel\" name=\"tel-767\" \/><\/span>\n\t<\/p>\n\t<p class=\"col-md-6\"><label>Email<\/label><span class=\"wpcf7-form-control-wrap\" data-name=\"text-1\"><input size=\"40\" maxlength=\"400\" class=\"wpcf7-form-control wpcf7-text\" aria-invalid=\"false\" value=\"\" type=\"text\" name=\"text-1\" \/><\/span>\n\t<\/p>\n<\/div>\n<div class=\"row\">\n\t<p><label>Cocher Produit(s) <\/label>\n\t<\/p>\n<\/div>\n<div class=\"row\">\n\t<P><span class=\"wpcf7-form-control-wrap\" data-name=\"checkbox-929\"><span class=\"wpcf7-form-control wpcf7-checkbox\"><span class=\"wpcf7-list-item first\"><label><input type=\"checkbox\" name=\"checkbox-929[]\" value=\"Moulin \u00e0 Poivre Simple1\" \/><span class=\"wpcf7-list-item-label\">Moulin \u00e0 Poivre Simple1<\/span><\/label><\/span><span class=\"wpcf7-list-item\"><label><input type=\"checkbox\" name=\"checkbox-929[]\" value=\"Moulin \u00e0 Poivre Simple 2\" \/><span class=\"wpcf7-list-item-label\">Moulin \u00e0 Poivre Simple 2<\/span><\/label><\/span><span class=\"wpcf7-list-item\"><label><input type=\"checkbox\" name=\"checkbox-929[]\" value=\"Moulin \u00e0 Poivre Simple 3\" \/><span class=\"wpcf7-list-item-label\">Moulin \u00e0 Poivre Simple 3<\/span><\/label><\/span><span class=\"wpcf7-list-item last\"><label><input type=\"checkbox\" name=\"checkbox-929[]\" value=\"Moulin \u00e0 Poivre Simple 4\" \/><span class=\"wpcf7-list-item-label\">Moulin \u00e0 Poivre Simple 4<\/span><\/label><\/span><\/span><\/span>\n\t<\/p>\n\t<p><span class=\"wpcf7-form-control-wrap\" data-name=\"checkbox-589\"><span class=\"wpcf7-form-control wpcf7-checkbox\"><span class=\"wpcf7-list-item first\"><label><input type=\"checkbox\" name=\"checkbox-589[]\" value=\"Moulin \u00e0 Poivre Rond 1\" \/><span class=\"wpcf7-list-item-label\">Moulin \u00e0 Poivre Rond 1<\/span><\/label><\/span><span class=\"wpcf7-list-item\"><label><input type=\"checkbox\" name=\"checkbox-589[]\" value=\"Moulin \u00e0 Poivre Rond 2\" \/><span class=\"wpcf7-list-item-label\">Moulin \u00e0 Poivre Rond 2<\/span><\/label><\/span><span class=\"wpcf7-list-item\"><label><input type=\"checkbox\" name=\"checkbox-589[]\" value=\"Moulin \u00e0 Poivre Rond 3\" \/><span class=\"wpcf7-list-item-label\">Moulin \u00e0 Poivre Rond 3<\/span><\/label><\/span><span class=\"wpcf7-list-item\"><label><input type=\"checkbox\" name=\"checkbox-589[]\" value=\"Moulin \u00e0 Poivre Rond 4\" \/><span class=\"wpcf7-list-item-label\">Moulin \u00e0 Poivre Rond 4<\/span><\/label><\/span><span class=\"wpcf7-list-item last\"><label><input type=\"checkbox\" name=\"checkbox-589[]\" value=\"Moulin \u00e0 Poivre Rond 5\" \/><span class=\"wpcf7-list-item-label\">Moulin \u00e0 Poivre Rond 5<\/span><\/label><\/span><\/span><\/span>\n\t<\/p>\n\t<p><span class=\"wpcf7-form-control-wrap\" data-name=\"checkbox-590\"><span class=\"wpcf7-form-control wpcf7-checkbox\"><span class=\"wpcf7-list-item first\"><label><input type=\"checkbox\" name=\"checkbox-590[]\" value=\"Moulin \u00e0 poivre rond manuel\" \/><span class=\"wpcf7-list-item-label\">Moulin \u00e0 poivre rond manuel<\/span><\/label><\/span><span class=\"wpcf7-list-item last\"><label><input type=\"checkbox\" name=\"checkbox-590[]\" value=\"Moulin \u00e0 Herbes\" \/><span class=\"wpcf7-list-item-label\">Moulin \u00e0 Herbes<\/span><\/label><\/span><\/span><\/span>\n\t<\/p>\n<\/div>\n<p><label>Quantite de chaque produit<br \/>\n<\/label><span class=\"wpcf7-form-control-wrap\" data-name=\"your-message\"><textarea cols=\"40\" rows=\"10\" maxlength=\"2000\" class=\"wpcf7-form-control wpcf7-textarea\" aria-invalid=\"false\" name=\"your-message\"><\/textarea><\/span>\n<\/p>\n<p><input class=\"wpcf7-form-control wpcf7-submit has-spinner btn-color-black\" type=\"submit\" value=\"Envoyer\" \/>\n<\/p><div class=\"wpcf7-response-output\" aria-hidden=\"true\"><\/div>\n<\/form>\n<\/div>\n\t\t<\/div>\n\t\t\t\t<\/div>\n\t\t\t\t\t<\/div>\n\t\t<\/div>\n\t\t\t\t\t<\/div>\n\t\t<\/section>\n\t\t\t\t<\/div>\n\t\t","protected":false},"excerpt":{"rendered":"<p>Ihr Angebot mit einem Klick Einfach, Schnell und Transparent Holen Sie sich einfach ein Angebot f\u00fcr unsere Olivenholzprodukte. F\u00fcllen Sie<\/p>\n","protected":false},"author":1,"featured_media":0,"parent":0,"menu_order":0,"comment_status":"closed","ping_status":"closed","template":"","meta":{"footnotes":""},"class_list":["post-28065","page","type-page","status-publish","hentry"],"yoast_head":"<!-- This site is optimized with the Yoast SEO plugin v23.3 - https:\/\/yoast.com\/wordpress\/plugins\/seo\/ -->\n<title>ANGEBOTSANFRAGE | Moulin \u00e0 poivre<\/title>\n<meta name=\"description\" content=\"Ihr Angebot mit einem Klick Einfach, Schnell und Transparent Holen Sie sich einfach ein Angebot f\u00fcr unsere Olivenholzprodukte. F\u00fcllen Sie das Formular\" \/>\n<meta name=\"robots\" content=\"index, follow, max-snippet:-1, max-image-preview:large, max-video-preview:-1\" \/>\n<link rel=\"canonical\" href=\"https:\/\/www.artisanat-chakroun.com\/de\/demande-de-devis\/\" \/>\n<meta property=\"og:locale\" content=\"de_DE\" \/>\n<meta property=\"og:type\" content=\"article\" \/>\n<meta property=\"og:title\" content=\"ANGEBOTSANFRAGE | Moulin \u00e0 poivre\" \/>\n<meta property=\"og:description\" content=\"Ihr Angebot mit einem Klick Einfach, Schnell und Transparent Holen Sie sich einfach ein Angebot f\u00fcr unsere Olivenholzprodukte. F\u00fcllen Sie das Formular\" \/>\n<meta property=\"og:url\" content=\"https:\/\/www.artisanat-chakroun.com\/de\/demande-de-devis\/\" \/>\n<meta property=\"og:site_name\" content=\"Moulin \u00e0 poivre\" \/>\n<meta property=\"article:modified_time\" content=\"2024-08-12T14:27:31+00:00\" \/>\n<meta name=\"twitter:card\" content=\"summary_large_image\" \/>\n<meta name=\"twitter:label1\" content=\"Gesch\u00e4tzte Lesezeit\" \/>\n\t<meta name=\"twitter:data1\" content=\"1\u00a0Minute\" \/>\n<script type=\"application\/ld+json\" class=\"yoast-schema-graph\">{\"@context\":\"https:\/\/schema.org\",\"@graph\":[{\"@type\":\"WebPage\",\"@id\":\"https:\/\/www.artisanat-chakroun.com\/de\/demande-de-devis\/\",\"url\":\"https:\/\/www.artisanat-chakroun.com\/de\/demande-de-devis\/\",\"name\":\"ANGEBOTSANFRAGE | Moulin \u00e0 poivre\",\"isPartOf\":{\"@id\":\"https:\/\/www.artisanat-chakroun.com\/#website\"},\"datePublished\":\"2024-08-10T07:35:11+00:00\",\"dateModified\":\"2024-08-12T14:27:31+00:00\",\"description\":\"Ihr Angebot mit einem Klick Einfach, Schnell und Transparent Holen Sie sich einfach ein Angebot f\u00fcr unsere Olivenholzprodukte. F\u00fcllen Sie das Formular\",\"breadcrumb\":{\"@id\":\"https:\/\/www.artisanat-chakroun.com\/de\/demande-de-devis\/#breadcrumb\"},\"inLanguage\":\"de\",\"potentialAction\":[{\"@type\":\"ReadAction\",\"target\":[\"https:\/\/www.artisanat-chakroun.com\/de\/demande-de-devis\/\"]}]},{\"@type\":\"BreadcrumbList\",\"@id\":\"https:\/\/www.artisanat-chakroun.com\/de\/demande-de-devis\/#breadcrumb\",\"itemListElement\":[{\"@type\":\"ListItem\",\"position\":1,\"name\":\"Accueil\",\"item\":\"https:\/\/www.artisanat-chakroun.com\/de\/\"},{\"@type\":\"ListItem\",\"position\":2,\"name\":\"ANGEBOTSANFRAGE\"}]},{\"@type\":\"WebSite\",\"@id\":\"https:\/\/www.artisanat-chakroun.com\/#website\",\"url\":\"https:\/\/www.artisanat-chakroun.com\/\",\"name\":\"Moulin \u00e0 poivre\",\"description\":\"Produits en bois d&#039;olivier Tunisie\",\"potentialAction\":[{\"@type\":\"SearchAction\",\"target\":{\"@type\":\"EntryPoint\",\"urlTemplate\":\"https:\/\/www.artisanat-chakroun.com\/?s={search_term_string}\"},\"query-input\":\"required name=search_term_string\"}],\"inLanguage\":\"de\"}]}<\/script>\n<!-- \/ Yoast SEO plugin. -->","yoast_head_json":{"title":"ANGEBOTSANFRAGE | Moulin \u00e0 poivre","description":"Ihr Angebot mit einem Klick Einfach, Schnell und Transparent Holen Sie sich einfach ein Angebot f\u00fcr unsere Olivenholzprodukte. F\u00fcllen Sie das Formular","robots":{"index":"index","follow":"follow","max-snippet":"max-snippet:-1","max-image-preview":"max-image-preview:large","max-video-preview":"max-video-preview:-1"},"canonical":"https:\/\/www.artisanat-chakroun.com\/de\/demande-de-devis\/","og_locale":"de_DE","og_type":"article","og_title":"ANGEBOTSANFRAGE | Moulin \u00e0 poivre","og_description":"Ihr Angebot mit einem Klick Einfach, Schnell und Transparent Holen Sie sich einfach ein Angebot f\u00fcr unsere Olivenholzprodukte. F\u00fcllen Sie das Formular","og_url":"https:\/\/www.artisanat-chakroun.com\/de\/demande-de-devis\/","og_site_name":"Moulin \u00e0 poivre","article_modified_time":"2024-08-12T14:27:31+00:00","twitter_card":"summary_large_image","twitter_misc":{"Gesch\u00e4tzte Lesezeit":"1\u00a0Minute"},"schema":{"@context":"https:\/\/schema.org","@graph":[{"@type":"WebPage","@id":"https:\/\/www.artisanat-chakroun.com\/de\/demande-de-devis\/","url":"https:\/\/www.artisanat-chakroun.com\/de\/demande-de-devis\/","name":"ANGEBOTSANFRAGE | Moulin \u00e0 poivre","isPartOf":{"@id":"https:\/\/www.artisanat-chakroun.com\/#website"},"datePublished":"2024-08-10T07:35:11+00:00","dateModified":"2024-08-12T14:27:31+00:00","description":"Ihr Angebot mit einem Klick Einfach, Schnell und Transparent Holen Sie sich einfach ein Angebot f\u00fcr unsere Olivenholzprodukte. F\u00fcllen Sie das Formular","breadcrumb":{"@id":"https:\/\/www.artisanat-chakroun.com\/de\/demande-de-devis\/#breadcrumb"},"inLanguage":"de","potentialAction":[{"@type":"ReadAction","target":["https:\/\/www.artisanat-chakroun.com\/de\/demande-de-devis\/"]}]},{"@type":"BreadcrumbList","@id":"https:\/\/www.artisanat-chakroun.com\/de\/demande-de-devis\/#breadcrumb","itemListElement":[{"@type":"ListItem","position":1,"name":"Accueil","item":"https:\/\/www.artisanat-chakroun.com\/de\/"},{"@type":"ListItem","position":2,"name":"ANGEBOTSANFRAGE"}]},{"@type":"WebSite","@id":"https:\/\/www.artisanat-chakroun.com\/#website","url":"https:\/\/www.artisanat-chakroun.com\/","name":"Moulin \u00e0 poivre","description":"Produits en bois d&#039;olivier Tunisie","potentialAction":[{"@type":"SearchAction","target":{"@type":"EntryPoint","urlTemplate":"https:\/\/www.artisanat-chakroun.com\/?s={search_term_string}"},"query-input":"required name=search_term_string"}],"inLanguage":"de"}]}},"_links":{"self":[{"href":"https:\/\/www.artisanat-chakroun.com\/de\/wp-json\/wp\/v2\/pages\/28065","targetHints":{"allow":["GET"]}}],"collection":[{"href":"https:\/\/www.artisanat-chakroun.com\/de\/wp-json\/wp\/v2\/pages"}],"about":[{"href":"https:\/\/www.artisanat-chakroun.com\/de\/wp-json\/wp\/v2\/types\/page"}],"author":[{"embeddable":true,"href":"https:\/\/www.artisanat-chakroun.com\/de\/wp-json\/wp\/v2\/users\/1"}],"replies":[{"embeddable":true,"href":"https:\/\/www.artisanat-chakroun.com\/de\/wp-json\/wp\/v2\/comments?post=28065"}],"version-history":[{"count":8,"href":"https:\/\/www.artisanat-chakroun.com\/de\/wp-json\/wp\/v2\/pages\/28065\/revisions"}],"predecessor-version":[{"id":28376,"href":"https:\/\/www.artisanat-chakroun.com\/de\/wp-json\/wp\/v2\/pages\/28065\/revisions\/28376"}],"wp:attachment":[{"href":"https:\/\/www.artisanat-chakroun.com\/de\/wp-json\/wp\/v2\/media?parent=28065"}],"curies":[{"name":"wp","href":"https:\/\/api.w.org\/{rel}","templated":true}]}}